{"id":1692,"date":"2025-11-04T13:06:53","date_gmt":"2025-11-04T13:06:53","guid":{"rendered":"https:\/\/xn--uterumochfnster-itb.se\/?page_id=1692"},"modified":"2025-11-05T13:21:37","modified_gmt":"2025-11-05T13:21:37","slug":"blogg","status":"publish","type":"page","link":"https:\/\/xn--uterumochfnster-itb.se\/en\/blogg\/","title":{"rendered":"Blogg"},"content":{"rendered":"<div data-elementor-type=\"wp-page\" data-elementor-id=\"1692\" class=\"elementor elementor-1692\" data-elementor-post-type=\"page\">\n\t\t\t\t<div class=\"elementor-element elementor-element-2e9de6da e-flex e-con-boxed e-con e-parent\" data-id=\"2e9de6da\" data-element_type=\"container\" data-settings=\"{&quot;background_background&quot;:&quot;classic&quot;}\">\n\t\t\t\t\t<div class=\"e-con-inner\">\n\t\t\t\t<div class=\"elementor-element elementor-element-1755905f elementor-widget elementor-widget-heading\" data-id=\"1755905f\" data-element_type=\"widget\" data-widget_type=\"heading.default\">\n\t\t\t\t<div class=\"elementor-widget-container\">\n\t\t\t\t\t<h1 class=\"elementor-heading-title elementor-size-default\">Blogg<\/h1>\t\t\t\t<\/div>\n\t\t\t\t<\/div>\n\t\t\t\t\t<\/div>\n\t\t\t\t<\/div>\n\t\t<div class=\"elementor-element elementor-element-8720f38 e-con-full e-flex e-con e-parent\" data-id=\"8720f38\" data-element_type=\"container\">\n\t\t\t\t<div class=\"elementor-element elementor-element-8a9186e elementor-widget elementor-widget-heading\" data-id=\"8a9186e\" data-element_type=\"widget\" data-widget_type=\"heading.default\">\n\t\t\t\t<div class=\"elementor-widget-container\">\n\t\t\t\t\t<h2 class=\"elementor-heading-title elementor-size-default\">V\u00e5ra inl\u00e4gg<\/h2>\t\t\t\t<\/div>\n\t\t\t\t<\/div>\n\t\t\t\t<div class=\"elementor-element elementor-element-29c6714 elementor-posts--align-left elementor-grid-3 elementor-grid-tablet-2 elementor-grid-mobile-1 elementor-posts--thumbnail-top elementor-widget elementor-widget-posts\" data-id=\"29c6714\" data-element_type=\"widget\" data-settings=\"{&quot;classic_columns&quot;:&quot;3&quot;,&quot;classic_columns_tablet&quot;:&quot;2&quot;,&quot;classic_columns_mobile&quot;:&quot;1&quot;,&quot;classic_row_gap&quot;:{&quot;unit&quot;:&quot;px&quot;,&quot;size&quot;:35,&quot;sizes&quot;:[]},&quot;classic_row_gap_tablet&quot;:{&quot;unit&quot;:&quot;px&quot;,&quot;size&quot;:&quot;&quot;,&quot;sizes&quot;:[]},&quot;classic_row_gap_mobile&quot;:{&quot;unit&quot;:&quot;px&quot;,&quot;size&quot;:&quot;&quot;,&quot;sizes&quot;:[]}}\" data-widget_type=\"posts.classic\">\n\t\t\t\t<div class=\"elementor-widget-container\">\n\t\t\t\t\t\t\t<div class=\"elementor-posts-container elementor-posts elementor-posts--skin-classic elementor-grid\">\n\t\t\t\t<article class=\"elementor-post elementor-grid-item post-1938 post type-post status-publish format-standard has-post-thumbnail hentry category-blogg\">\n\t\t\t\t<a class=\"elementor-post__thumbnail__link\" href=\"https:\/\/xn--uterumochfnster-itb.se\/en\/sa-inreder-du-ditt-uterum-tips-for-en-ljus-och-ombonad-kansla\/\" tabindex=\"-1\" >\n\t\t\t<div class=\"elementor-post__thumbnail\"><img fetchpriority=\"high\" decoding=\"async\" width=\"1024\" height=\"1280\" src=\"https:\/\/xn--uterumochfnster-itb.se\/wp-content\/uploads\/2026\/04\/DSC07489-stor.jpeg\" class=\"attachment-full size-full wp-image-2013\" alt=\"\" srcset=\"https:\/\/xn--uterumochfnster-itb.se\/wp-content\/uploads\/2026\/04\/DSC07489-stor.jpeg 1024w, https:\/\/xn--uterumochfnster-itb.se\/wp-content\/uploads\/2026\/04\/DSC07489-stor-240x300.jpeg 240w, https:\/\/xn--uterumochfnster-itb.se\/wp-content\/uploads\/2026\/04\/DSC07489-stor-819x1024.jpeg 819w, https:\/\/xn--uterumochfnster-itb.se\/wp-content\/uploads\/2026\/04\/DSC07489-stor-768x960.jpeg 768w, https:\/\/xn--uterumochfnster-itb.se\/wp-content\/uploads\/2026\/04\/DSC07489-stor-10x12.jpeg 10w\" sizes=\"(max-width: 1024px) 100vw, 1024px\" \/><\/div>\n\t\t<\/a>\n\t\t\t\t<div class=\"elementor-post__text\">\n\t\t\t\t<h3 class=\"elementor-post__title\">\n\t\t\t<a href=\"https:\/\/xn--uterumochfnster-itb.se\/en\/sa-inreder-du-ditt-uterum-tips-for-en-ljus-och-ombonad-kansla\/\" >\n\t\t\t\tS\u00e5 inreder du ditt uterum \u2013 tips f\u00f6r en ljus och ombonad k\u00e4nsla\t\t\t<\/a>\n\t\t<\/h3>\n\t\t\t\t<div class=\"elementor-post__meta-data\">\n\t\t\t\t\t<span class=\"elementor-post-date\">\n\t\t\tApril 14, 2026\t\t<\/span>\n\t\t\t\t<\/div>\n\t\t\t\t<div class=\"elementor-post__excerpt\">\n\t\t\t<p>S\u00e5 inreder du ditt uterum \u2013 tips f\u00f6r en ljus och ombonad k\u00e4nsla <\/p>\n\t\t<\/div>\n\t\t\n\t\t<a class=\"elementor-post__read-more\" href=\"https:\/\/xn--uterumochfnster-itb.se\/en\/sa-inreder-du-ditt-uterum-tips-for-en-ljus-och-ombonad-kansla\/\" aria-label=\"Read more about S\u00e5 inreder du ditt uterum \u2013 tips f\u00f6r en ljus och ombonad k\u00e4nsla\" tabindex=\"-1\" >\n\t\t\tL\u00c4S INL\u00c4GGET \u00bb\t\t<\/a>\n\n\t\t\t\t<\/div>\n\t\t\t\t<\/article>\n\t\t\t\t<article class=\"elementor-post elementor-grid-item post-1870 post type-post status-publish format-standard has-post-thumbnail hentry category-blogg\">\n\t\t\t\t<a class=\"elementor-post__thumbnail__link\" href=\"https:\/\/xn--uterumochfnster-itb.se\/en\/greenroom-orangeri\/\" tabindex=\"-1\" >\n\t\t\t<div class=\"elementor-post__thumbnail\"><img decoding=\"async\" width=\"1220\" height=\"1086\" src=\"https:\/\/xn--uterumochfnster-itb.se\/wp-content\/uploads\/2025\/12\/header.jpg\" class=\"attachment-full size-full wp-image-1889\" alt=\"\" srcset=\"https:\/\/xn--uterumochfnster-itb.se\/wp-content\/uploads\/2025\/12\/header.jpg 1220w, https:\/\/xn--uterumochfnster-itb.se\/wp-content\/uploads\/2025\/12\/header-300x267.jpg 300w, https:\/\/xn--uterumochfnster-itb.se\/wp-content\/uploads\/2025\/12\/header-1024x912.jpg 1024w, https:\/\/xn--uterumochfnster-itb.se\/wp-content\/uploads\/2025\/12\/header-768x684.jpg 768w, https:\/\/xn--uterumochfnster-itb.se\/wp-content\/uploads\/2025\/12\/header-13x12.jpg 13w\" sizes=\"(max-width: 1220px) 100vw, 1220px\" \/><\/div>\n\t\t<\/a>\n\t\t\t\t<div class=\"elementor-post__text\">\n\t\t\t\t<h3 class=\"elementor-post__title\">\n\t\t\t<a href=\"https:\/\/xn--uterumochfnster-itb.se\/en\/greenroom-orangeri\/\" >\n\t\t\t\tGreenroom Orangeri &#8211; uterummet man aldrig vill l\u00e4mna.\t\t\t<\/a>\n\t\t<\/h3>\n\t\t\t\t<div class=\"elementor-post__meta-data\">\n\t\t\t\t\t<span class=\"elementor-post-date\">\n\t\t\tDecember 10, 2025\t\t<\/span>\n\t\t\t\t<\/div>\n\t\t\t\t<div class=\"elementor-post__excerpt\">\n\t\t\t<p>N\u00e4r passion m\u00f6ter hantverk \u2013 l\u00e4s mer om v\u00e5r s\u00e4ljare Adams orangeri som inspirerar oss alla.<\/p>\n\t\t<\/div>\n\t\t\n\t\t<a class=\"elementor-post__read-more\" href=\"https:\/\/xn--uterumochfnster-itb.se\/en\/greenroom-orangeri\/\" aria-label=\"Read more about Greenroom Orangeri &#8211; uterummet man aldrig vill l\u00e4mna.\" tabindex=\"-1\" >\n\t\t\tL\u00c4S INL\u00c4GGET \u00bb\t\t<\/a>\n\n\t\t\t\t<\/div>\n\t\t\t\t<\/article>\n\t\t\t\t<article class=\"elementor-post elementor-grid-item post-1782 post type-post status-publish format-standard has-post-thumbnail hentry category-blogg\">\n\t\t\t\t<a class=\"elementor-post__thumbnail__link\" href=\"https:\/\/xn--uterumochfnster-itb.se\/en\/vad-kostar-det-att-bygga-ett-uterum-och-hur-lang-tid-tar-det\/\" tabindex=\"-1\" >\n\t\t\t<div class=\"elementor-post__thumbnail\"><img decoding=\"async\" width=\"1267\" height=\"1000\" src=\"https:\/\/xn--uterumochfnster-itb.se\/wp-content\/uploads\/2025\/05\/uterum-5.jpg\" class=\"attachment-full size-full wp-image-1283\" alt=\"\" srcset=\"https:\/\/xn--uterumochfnster-itb.se\/wp-content\/uploads\/2025\/05\/uterum-5.jpg 1267w, https:\/\/xn--uterumochfnster-itb.se\/wp-content\/uploads\/2025\/05\/uterum-5-300x237.jpg 300w, https:\/\/xn--uterumochfnster-itb.se\/wp-content\/uploads\/2025\/05\/uterum-5-1024x808.jpg 1024w, https:\/\/xn--uterumochfnster-itb.se\/wp-content\/uploads\/2025\/05\/uterum-5-768x606.jpg 768w\" sizes=\"(max-width: 1267px) 100vw, 1267px\" \/><\/div>\n\t\t<\/a>\n\t\t\t\t<div class=\"elementor-post__text\">\n\t\t\t\t<h3 class=\"elementor-post__title\">\n\t\t\t<a href=\"https:\/\/xn--uterumochfnster-itb.se\/en\/vad-kostar-det-att-bygga-ett-uterum-och-hur-lang-tid-tar-det\/\" >\n\t\t\t\tVad kostar det att bygga ett uterum &#8211; och hur l\u00e5ng tid tar det?\t\t\t<\/a>\n\t\t<\/h3>\n\t\t\t\t<div class=\"elementor-post__meta-data\">\n\t\t\t\t\t<span class=\"elementor-post-date\">\n\t\t\tNovember 5, 2025\t\t<\/span>\n\t\t\t\t<\/div>\n\t\t\t\t<div class=\"elementor-post__excerpt\">\n\t\t\t<p>H\u00e4r ber\u00e4ttar vi vad det kostar att bygga uterum, hur l\u00e5ng tid det tar och hur du med hj\u00e4lp av ROT-avdraget kan s\u00e4nka kostnaden rej\u00e4lt.<\/p>\n\t\t<\/div>\n\t\t\n\t\t<a class=\"elementor-post__read-more\" href=\"https:\/\/xn--uterumochfnster-itb.se\/en\/vad-kostar-det-att-bygga-ett-uterum-och-hur-lang-tid-tar-det\/\" aria-label=\"Read more about Vad kostar det att bygga ett uterum &#8211; och hur l\u00e5ng tid tar det?\" tabindex=\"-1\" >\n\t\t\tL\u00c4S INL\u00c4GGET \u00bb\t\t<\/a>\n\n\t\t\t\t<\/div>\n\t\t\t\t<\/article>\n\t\t\t\t<article class=\"elementor-post elementor-grid-item post-1683 post type-post status-publish format-standard has-post-thumbnail hentry category-blogg\">\n\t\t\t\t<a class=\"elementor-post__thumbnail__link\" href=\"https:\/\/xn--uterumochfnster-itb.se\/en\/nya-bygglagen-i-sverige\/\" tabindex=\"-1\" >\n\t\t\t<div class=\"elementor-post__thumbnail\"><img loading=\"lazy\" decoding=\"async\" width=\"2080\" height=\"1387\" src=\"https:\/\/xn--uterumochfnster-itb.se\/wp-content\/uploads\/2025\/05\/DSC09702c.jpg\" class=\"attachment-full size-full wp-image-1316\" alt=\"\" srcset=\"https:\/\/xn--uterumochfnster-itb.se\/wp-content\/uploads\/2025\/05\/DSC09702c.jpg 2080w, https:\/\/xn--uterumochfnster-itb.se\/wp-content\/uploads\/2025\/05\/DSC09702c-300x200.jpg 300w, https:\/\/xn--uterumochfnster-itb.se\/wp-content\/uploads\/2025\/05\/DSC09702c-1024x683.jpg 1024w, https:\/\/xn--uterumochfnster-itb.se\/wp-content\/uploads\/2025\/05\/DSC09702c-768x512.jpg 768w, https:\/\/xn--uterumochfnster-itb.se\/wp-content\/uploads\/2025\/05\/DSC09702c-1536x1024.jpg 1536w, https:\/\/xn--uterumochfnster-itb.se\/wp-content\/uploads\/2025\/05\/DSC09702c-2048x1366.jpg 2048w\" sizes=\"(max-width: 2080px) 100vw, 2080px\" \/><\/div>\n\t\t<\/a>\n\t\t\t\t<div class=\"elementor-post__text\">\n\t\t\t\t<h3 class=\"elementor-post__title\">\n\t\t\t<a href=\"https:\/\/xn--uterumochfnster-itb.se\/en\/nya-bygglagen-i-sverige\/\" >\n\t\t\t\tNya bygglagen i Sverige\t\t\t<\/a>\n\t\t<\/h3>\n\t\t\t\t<div class=\"elementor-post__meta-data\">\n\t\t\t\t\t<span class=\"elementor-post-date\">\n\t\t\tNovember 4, 2025\t\t<\/span>\n\t\t\t\t<\/div>\n\t\t\t\t<div class=\"elementor-post__excerpt\">\n\t\t\t<p>F\u00f6r dig som vill bygga ett extra hus p\u00e5 tomten eller ett uterum mot fasaden.<\/p>\n\t\t<\/div>\n\t\t\n\t\t<a class=\"elementor-post__read-more\" href=\"https:\/\/xn--uterumochfnster-itb.se\/en\/nya-bygglagen-i-sverige\/\" aria-label=\"Read more about Nya bygglagen i Sverige\" tabindex=\"-1\" >\n\t\t\tL\u00c4S INL\u00c4GGET \u00bb\t\t<\/a>\n\n\t\t\t\t<\/div>\n\t\t\t\t<\/article>\n\t\t\t\t<\/div>\n\t\t\n\t\t\t\t\t\t<\/div>\n\t\t\t\t<\/div>\n\t\t\t\t<\/div>\n\t\t\t\t<\/div>","protected":false},"excerpt":{"rendered":"<p>Blogg V\u00e5ra inl\u00e4gg<\/p>","protected":false},"author":2,"featured_media":0,"parent":0,"menu_order":0,"comment_status":"closed","ping_status":"closed","template":"elementor_header_footer","meta":{"site-sidebar-layout":"no-sidebar","site-content-layout":"","ast-site-content-layout":"full-width-container","site-content-style":"default","site-sidebar-style":"default","ast-global-header-display":"","ast-banner-title-visibility":"","ast-main-header-display":"","ast-hfb-above-header-display":"","ast-hfb-below-header-display":"","ast-hfb-mobile-header-display":"","site-post-title":"","ast-breadcrumbs-content":"","ast-featured-img":"disabled","footer-sml-layout":"","theme-transparent-header-meta":"enabled","adv-header-id-meta":"","stick-header-meta":"","header-above-stick-meta":"","header-main-stick-meta":"","header-below-stick-meta":"","astra-migrate-meta-layouts":"default","ast-page-background-enabled":"default","ast-page-background-meta":{"desktop":{"background-color":"var(--ast-global-color-4)","background-image":"","background-repeat":"repeat","background-position":"center center","background-size":"auto","background-attachment":"scroll","background-type":"","background-media":"","overlay-type":"","overlay-color":"","overlay-opacity":"","overlay-gradient":""},"tablet":{"background-color":"","background-image":"","background-repeat":"repeat","background-position":"center center","background-size":"auto","background-attachment":"scroll","background-type":"","background-media":"","overlay-type":"","overlay-color":"","overlay-opacity":"","overlay-gradient":""},"mobile":{"background-color":"","background-image":"","background-repeat":"repeat","background-position":"center center","background-size":"auto","background-attachment":"scroll","background-type":"","background-media":"","overlay-type":"","overlay-color":"","overlay-opacity":"","overlay-gradient":""}},"ast-content-background-meta":{"desktop":{"background-color":"var(--ast-global-color-5)","background-image":"","background-repeat":"repeat","background-position":"center center","background-size":"auto","background-attachment":"scroll","background-type":"","background-media":"","overlay-type":"","overlay-color":"","overlay-opacity":"","overlay-gradient":""},"tablet":{"background-color":"var(--ast-global-color-5)","background-image":"","background-repeat":"repeat","background-position":"center center","background-size":"auto","background-attachment":"scroll","background-type":"","background-media":"","overlay-type":"","overlay-color":"","overlay-opacity":"","overlay-gradient":""},"mobile":{"background-color":"var(--ast-global-color-5)","background-image":"","background-repeat":"repeat","background-position":"center center","background-size":"auto","background-attachment":"scroll","background-type":"","background-media":"","overlay-type":"","overlay-color":"","overlay-opacity":"","overlay-gradient":""}},"footnotes":""},"class_list":["post-1692","page","type-page","status-publish","hentry"],"_links":{"self":[{"href":"https:\/\/xn--uterumochfnster-itb.se\/en\/wp-json\/wp\/v2\/pages\/1692","targetHints":{"allow":["GET"]}}],"collection":[{"href":"https:\/\/xn--uterumochfnster-itb.se\/en\/wp-json\/wp\/v2\/pages"}],"about":[{"href":"https:\/\/xn--uterumochfnster-itb.se\/en\/wp-json\/wp\/v2\/types\/page"}],"author":[{"embeddable":true,"href":"https:\/\/xn--uterumochfnster-itb.se\/en\/wp-json\/wp\/v2\/users\/2"}],"replies":[{"embeddable":true,"href":"https:\/\/xn--uterumochfnster-itb.se\/en\/wp-json\/wp\/v2\/comments?post=1692"}],"version-history":[{"count":29,"href":"https:\/\/xn--uterumochfnster-itb.se\/en\/wp-json\/wp\/v2\/pages\/1692\/revisions"}],"predecessor-version":[{"id":1781,"href":"https:\/\/xn--uterumochfnster-itb.se\/en\/wp-json\/wp\/v2\/pages\/1692\/revisions\/1781"}],"wp:attachment":[{"href":"https:\/\/xn--uterumochfnster-itb.se\/en\/wp-json\/wp\/v2\/media?parent=1692"}],"curies":[{"name":"wp","href":"https:\/\/api.w.org\/{rel}","templated":true}]}}