{"id":1031,"date":"2025-05-15T14:02:34","date_gmt":"2025-05-15T14:02:34","guid":{"rendered":"https:\/\/xn--uterumochfnster-itb.se\/projects\/"},"modified":"2026-03-09T14:16:41","modified_gmt":"2026-03-09T14:16:41","slug":"projects","status":"publish","type":"page","link":"https:\/\/xn--uterumochfnster-itb.se\/en\/projects\/","title":{"rendered":"Projekt"},"content":{"rendered":"<div data-elementor-type=\"wp-page\" data-elementor-id=\"1031\" class=\"elementor elementor-1031\" data-elementor-post-type=\"page\">\n\t\t\t\t<div class=\"elementor-element elementor-element-c8f2642 e-flex e-con-boxed e-con e-parent\" data-id=\"c8f2642\" data-element_type=\"container\" data-settings=\"{&quot;background_background&quot;:&quot;classic&quot;}\">\n\t\t\t\t\t<div class=\"e-con-inner\">\n\t\t\t\t<div class=\"elementor-element elementor-element-9c81f71 elementor-widget elementor-widget-heading\" data-id=\"9c81f71\" data-element_type=\"widget\" data-widget_type=\"heading.default\">\n\t\t\t\t<div class=\"elementor-widget-container\">\n\t\t\t\t\t<h1 class=\"elementor-heading-title elementor-size-default\">V\u00e5ra projekt<\/h1>\t\t\t\t<\/div>\n\t\t\t\t<\/div>\n\t\t\t\t<div class=\"elementor-element elementor-element-0828825 elementor-widget elementor-widget-text-editor\" data-id=\"0828825\" data-element_type=\"widget\" data-widget_type=\"text-editor.default\">\n\t\t\t\t<div class=\"elementor-widget-container\">\n\t\t\t\t\t\t\t\t\t<p>Vi har byggt \u00f6ver 100 uterum. Det \u00e4r vi stolta \u00f6ver, och s\u00e4rskilt \u00f6ver kundens omd\u00f6men. Nedan kan ni h\u00e4mta inspiration fr\u00e5n ett axplock av alla uterum vi byggt.<\/p>\t\t\t\t\t\t\t\t<\/div>\n\t\t\t\t<\/div>\n\t\t\t\t\t<\/div>\n\t\t\t\t<\/div>\n\t\t<div class=\"elementor-element elementor-element-230eb79 e-flex e-con-boxed e-con e-parent\" data-id=\"230eb79\" data-element_type=\"container\" data-settings=\"{&quot;background_background&quot;:&quot;classic&quot;}\">\n\t\t\t\t\t<div class=\"e-con-inner\">\n\t\t\t\t<div class=\"elementor-element elementor-element-b3e8bfa elementor-position-left elementor-mobile-position-left elementor-view-default elementor-widget elementor-widget-icon-box\" data-id=\"b3e8bfa\" data-element_type=\"widget\" data-widget_type=\"icon-box.default\">\n\t\t\t\t<div class=\"elementor-widget-container\">\n\t\t\t\t\t\t\t<div class=\"elementor-icon-box-wrapper\">\n\n\t\t\t\t\t\t<div class=\"elementor-icon-box-icon\">\n\t\t\t\t<span  class=\"elementor-icon\">\n\t\t\t\t<svg aria-hidden=\"true\" class=\"e-font-icon-svg e-fas-leaf\" viewbox=\"0 0 576 512\" xmlns=\"http:\/\/www.w3.org\/2000\/svg\"><path d=\"M546.2 9.7c-5.6-12.5-21.6-13-28.3-1.2C486.9 62.4 431.4 96 368 96h-80C182 96 96 182 96 288c0 7 .8 13.7 1.5 20.5C161.3 262.8 253.4 224 384 224c8.8 0 16 7.2 16 16s-7.2 16-16 16C132.6 256 26 410.1 2.4 468c-6.6 16.3 1.2 34.9 17.5 41.6 16.4 6.8 35-1.1 41.8-17.3 1.5-3.6 20.9-47.9 71.9-90.6 32.4 43.9 94 85.8 174.9 77.2C465.5 467.5 576 326.7 576 154.3c0-50.2-10.8-102.2-29.8-144.6z\"><\/path><\/svg>\t\t\t\t<\/span>\n\t\t\t<\/div>\n\t\t\t\n\t\t\t\t\t\t<div class=\"elementor-icon-box-content\">\n\n\t\t\t\t\t\t\t\t\t<p class=\"elementor-icon-box-title\">\n\t\t\t\t\t\t<span  >\n\t\t\t\t\t\t\tBli inspirerad\t\t\t\t\t\t<\/span>\n\t\t\t\t\t<\/p>\n\t\t\t\t\n\t\t\t\t\n\t\t\t<\/div>\n\t\t\t\n\t\t<\/div>\n\t\t\t\t\t\t<\/div>\n\t\t\t\t<\/div>\n\t\t\t\t<div class=\"elementor-element elementor-element-a2126b7 elementor-widget elementor-widget-heading\" data-id=\"a2126b7\" data-element_type=\"widget\" data-widget_type=\"heading.default\">\n\t\t\t\t<div class=\"elementor-widget-container\">\n\t\t\t\t\t<h2 class=\"elementor-heading-title elementor-size-default\">Se n\u00e5gra av v\u00e5ra f\u00e4rdigst\u00e4llda projekt.<\/h2>\t\t\t\t<\/div>\n\t\t\t\t<\/div>\n\t\t\t\t<div class=\"elementor-element elementor-element-f969390 elementor-widget elementor-widget-gallery\" data-id=\"f969390\" data-element_type=\"widget\" data-settings=\"{&quot;aspect_ratio&quot;:&quot;4:3&quot;,&quot;lazyload&quot;:&quot;yes&quot;,&quot;gallery_layout&quot;:&quot;grid&quot;,&quot;columns&quot;:4,&quot;columns_tablet&quot;:2,&quot;columns_mobile&quot;:1,&quot;gap&quot;:{&quot;unit&quot;:&quot;px&quot;,&quot;size&quot;:10,&quot;sizes&quot;:[]},&quot;gap_tablet&quot;:{&quot;unit&quot;:&quot;px&quot;,&quot;size&quot;:10,&quot;sizes&quot;:[]},&quot;gap_mobile&quot;:{&quot;unit&quot;:&quot;px&quot;,&quot;size&quot;:10,&quot;sizes&quot;:[]},&quot;link_to&quot;:&quot;file&quot;,&quot;overlay_background&quot;:&quot;yes&quot;,&quot;content_hover_animation&quot;:&quot;fade-in&quot;}\" data-widget_type=\"gallery.default\">\n\t\t\t\t<div class=\"elementor-widget-container\">\n\t\t\t\t\t\t\t<div class=\"elementor-gallery__container\">\n\t\t\t\t\t\t\t<a class=\"e-gallery-item elementor-gallery-item elementor-animated-content\" href=\"https:\/\/xn--uterumochfnster-itb.se\/wp-content\/uploads\/2025\/05\/uteplats.jpg\" data-elementor-open-lightbox=\"yes\" data-elementor-lightbox-slideshow=\"f969390\" data-elementor-lightbox-title=\"uteplats\" data-e-action-hash=\"#elementor-action%3Aaction%3Dlightbox%26settings%3DeyJpZCI6MTI0NSwidXJsIjoiaHR0cHM6XC9cL3huLS11dGVydW1vY2hmbnN0ZXItaXRiLnNlXC93cC1jb250ZW50XC91cGxvYWRzXC8yMDI1XC8wNVwvdXRlcGxhdHMuanBnIiwic2xpZGVzaG93IjoiZjk2OTM5MCJ9\">\n\t\t\t\t\t<div class=\"e-gallery-image elementor-gallery-item__image\" data-thumbnail=\"https:\/\/xn--uterumochfnster-itb.se\/wp-content\/uploads\/2025\/05\/uteplats.jpg\" data-width=\"1912\" data-height=\"860\" aria-label=\"\" role=\"img\" ><\/div>\n\t\t\t\t\t\t\t\t\t\t\t<div class=\"elementor-gallery-item__overlay\"><\/div>\n\t\t\t\t\t\t\t\t\t\t\t\t\t\t<\/a>\n\t\t\t\t\t\t\t<a class=\"e-gallery-item elementor-gallery-item elementor-animated-content\" href=\"https:\/\/xn--uterumochfnster-itb.se\/wp-content\/uploads\/2025\/05\/uterum-header.jpg\" data-elementor-open-lightbox=\"yes\" data-elementor-lightbox-slideshow=\"f969390\" data-elementor-lightbox-title=\"uterum header\" data-e-action-hash=\"#elementor-action%3Aaction%3Dlightbox%26settings%3DeyJpZCI6MTE4MCwidXJsIjoiaHR0cHM6XC9cL3huLS11dGVydW1vY2hmbnN0ZXItaXRiLnNlXC93cC1jb250ZW50XC91cGxvYWRzXC8yMDI1XC8wNVwvdXRlcnVtLWhlYWRlci5qcGciLCJzbGlkZXNob3ciOiJmOTY5MzkwIn0%3D\">\n\t\t\t\t\t<div class=\"e-gallery-image elementor-gallery-item__image\" data-thumbnail=\"https:\/\/xn--uterumochfnster-itb.se\/wp-content\/uploads\/2025\/05\/uterum-header.jpg\" data-width=\"1548\" data-height=\"870\" aria-label=\"\" role=\"img\" ><\/div>\n\t\t\t\t\t\t\t\t\t\t\t<div class=\"elementor-gallery-item__overlay\"><\/div>\n\t\t\t\t\t\t\t\t\t\t\t\t\t\t<\/a>\n\t\t\t\t\t\t\t<a class=\"e-gallery-item elementor-gallery-item elementor-animated-content\" href=\"https:\/\/xn--uterumochfnster-itb.se\/wp-content\/uploads\/2025\/05\/DSC00857c1.jpg\" data-elementor-open-lightbox=\"yes\" data-elementor-lightbox-slideshow=\"f969390\" data-elementor-lightbox-title=\"DSC00857c1\" data-e-action-hash=\"#elementor-action%3Aaction%3Dlightbox%26settings%3DeyJpZCI6MTE2MywidXJsIjoiaHR0cHM6XC9cL3huLS11dGVydW1vY2hmbnN0ZXItaXRiLnNlXC93cC1jb250ZW50XC91cGxvYWRzXC8yMDI1XC8wNVwvRFNDMDA4NTdjMS5qcGciLCJzbGlkZXNob3ciOiJmOTY5MzkwIn0%3D\">\n\t\t\t\t\t<div class=\"e-gallery-image elementor-gallery-item__image\" data-thumbnail=\"https:\/\/xn--uterumochfnster-itb.se\/wp-content\/uploads\/2025\/05\/DSC00857c1.jpg\" data-width=\"1575\" data-height=\"2362\" aria-label=\"\" role=\"img\" ><\/div>\n\t\t\t\t\t\t\t\t\t\t\t<div class=\"elementor-gallery-item__overlay\"><\/div>\n\t\t\t\t\t\t\t\t\t\t\t\t\t\t<\/a>\n\t\t\t\t\t\t\t<a class=\"e-gallery-item elementor-gallery-item elementor-animated-content\" href=\"https:\/\/xn--uterumochfnster-itb.se\/wp-content\/uploads\/2025\/05\/headerbild-uterum.jpg\" data-elementor-open-lightbox=\"yes\" data-elementor-lightbox-slideshow=\"f969390\" data-elementor-lightbox-title=\"headerbild uterum\" data-e-action-hash=\"#elementor-action%3Aaction%3Dlightbox%26settings%3DeyJpZCI6MTEwMCwidXJsIjoiaHR0cHM6XC9cL3huLS11dGVydW1vY2hmbnN0ZXItaXRiLnNlXC93cC1jb250ZW50XC91cGxvYWRzXC8yMDI1XC8wNVwvaGVhZGVyYmlsZC11dGVydW0uanBnIiwic2xpZGVzaG93IjoiZjk2OTM5MCJ9\">\n\t\t\t\t\t<div class=\"e-gallery-image elementor-gallery-item__image\" data-thumbnail=\"https:\/\/xn--uterumochfnster-itb.se\/wp-content\/uploads\/2025\/05\/headerbild-uterum.jpg\" data-width=\"1821\" data-height=\"1023\" aria-label=\"\" role=\"img\" ><\/div>\n\t\t\t\t\t\t\t\t\t\t\t<div class=\"elementor-gallery-item__overlay\"><\/div>\n\t\t\t\t\t\t\t\t\t\t\t\t\t\t<\/a>\n\t\t\t\t\t\t\t<a class=\"e-gallery-item elementor-gallery-item elementor-animated-content\" href=\"https:\/\/xn--uterumochfnster-itb.se\/wp-content\/uploads\/2025\/05\/uterum-5.jpg\" data-elementor-open-lightbox=\"yes\" data-elementor-lightbox-slideshow=\"f969390\" data-elementor-lightbox-title=\"uterum 5\" data-e-action-hash=\"#elementor-action%3Aaction%3Dlightbox%26settings%3DeyJpZCI6MTI4MywidXJsIjoiaHR0cHM6XC9cL3huLS11dGVydW1vY2hmbnN0ZXItaXRiLnNlXC93cC1jb250ZW50XC91cGxvYWRzXC8yMDI1XC8wNVwvdXRlcnVtLTUuanBnIiwic2xpZGVzaG93IjoiZjk2OTM5MCJ9\">\n\t\t\t\t\t<div class=\"e-gallery-image elementor-gallery-item__image\" data-thumbnail=\"https:\/\/xn--uterumochfnster-itb.se\/wp-content\/uploads\/2025\/05\/uterum-5.jpg\" data-width=\"1267\" data-height=\"1000\" aria-label=\"\" role=\"img\" ><\/div>\n\t\t\t\t\t\t\t\t\t\t\t<div class=\"elementor-gallery-item__overlay\"><\/div>\n\t\t\t\t\t\t\t\t\t\t\t\t\t\t<\/a>\n\t\t\t\t\t\t\t<a class=\"e-gallery-item elementor-gallery-item elementor-animated-content\" href=\"https:\/\/xn--uterumochfnster-itb.se\/wp-content\/uploads\/2025\/05\/uterum1.jpg\" data-elementor-open-lightbox=\"yes\" data-elementor-lightbox-slideshow=\"f969390\" data-elementor-lightbox-title=\"uterum1\" data-e-action-hash=\"#elementor-action%3Aaction%3Dlightbox%26settings%3DeyJpZCI6MTI4NCwidXJsIjoiaHR0cHM6XC9cL3huLS11dGVydW1vY2hmbnN0ZXItaXRiLnNlXC93cC1jb250ZW50XC91cGxvYWRzXC8yMDI1XC8wNVwvdXRlcnVtMS5qcGciLCJzbGlkZXNob3ciOiJmOTY5MzkwIn0%3D\">\n\t\t\t\t\t<div class=\"e-gallery-image elementor-gallery-item__image\" data-thumbnail=\"https:\/\/xn--uterumochfnster-itb.se\/wp-content\/uploads\/2025\/05\/uterum1.jpg\" data-width=\"1185\" data-height=\"750\" aria-label=\"\" role=\"img\" ><\/div>\n\t\t\t\t\t\t\t\t\t\t\t<div class=\"elementor-gallery-item__overlay\"><\/div>\n\t\t\t\t\t\t\t\t\t\t\t\t\t\t<\/a>\n\t\t\t\t\t\t\t<a class=\"e-gallery-item elementor-gallery-item elementor-animated-content\" href=\"https:\/\/xn--uterumochfnster-itb.se\/wp-content\/uploads\/2025\/05\/uterum2.jpg\" data-elementor-open-lightbox=\"yes\" data-elementor-lightbox-slideshow=\"f969390\" data-elementor-lightbox-title=\"uterum2\" data-e-action-hash=\"#elementor-action%3Aaction%3Dlightbox%26settings%3DeyJpZCI6MTI4NSwidXJsIjoiaHR0cHM6XC9cL3huLS11dGVydW1vY2hmbnN0ZXItaXRiLnNlXC93cC1jb250ZW50XC91cGxvYWRzXC8yMDI1XC8wNVwvdXRlcnVtMi5qcGciLCJzbGlkZXNob3ciOiJmOTY5MzkwIn0%3D\">\n\t\t\t\t\t<div class=\"e-gallery-image elementor-gallery-item__image\" data-thumbnail=\"https:\/\/xn--uterumochfnster-itb.se\/wp-content\/uploads\/2025\/05\/uterum2.jpg\" data-width=\"1666\" data-height=\"1267\" aria-label=\"\" role=\"img\" ><\/div>\n\t\t\t\t\t\t\t\t\t\t\t<div class=\"elementor-gallery-item__overlay\"><\/div>\n\t\t\t\t\t\t\t\t\t\t\t\t\t\t<\/a>\n\t\t\t\t\t\t\t<a class=\"e-gallery-item elementor-gallery-item elementor-animated-content\" href=\"https:\/\/xn--uterumochfnster-itb.se\/wp-content\/uploads\/2025\/05\/uterum3.jpg\" data-elementor-open-lightbox=\"yes\" data-elementor-lightbox-slideshow=\"f969390\" data-elementor-lightbox-title=\"uterum3\" data-e-action-hash=\"#elementor-action%3Aaction%3Dlightbox%26settings%3DeyJpZCI6MTI4NiwidXJsIjoiaHR0cHM6XC9cL3huLS11dGVydW1vY2hmbnN0ZXItaXRiLnNlXC93cC1jb250ZW50XC91cGxvYWRzXC8yMDI1XC8wNVwvdXRlcnVtMy5qcGciLCJzbGlkZXNob3ciOiJmOTY5MzkwIn0%3D\">\n\t\t\t\t\t<div class=\"e-gallery-image elementor-gallery-item__image\" data-thumbnail=\"https:\/\/xn--uterumochfnster-itb.se\/wp-content\/uploads\/2025\/05\/uterum3.jpg\" data-width=\"1262\" data-height=\"1000\" aria-label=\"\" role=\"img\" ><\/div>\n\t\t\t\t\t\t\t\t\t\t\t<div class=\"elementor-gallery-item__overlay\"><\/div>\n\t\t\t\t\t\t\t\t\t\t\t\t\t\t<\/a>\n\t\t\t\t\t\t\t<a class=\"e-gallery-item elementor-gallery-item elementor-animated-content\" href=\"https:\/\/xn--uterumochfnster-itb.se\/wp-content\/uploads\/2025\/05\/uterum4.jpg\" data-elementor-open-lightbox=\"yes\" data-elementor-lightbox-slideshow=\"f969390\" data-elementor-lightbox-title=\"uterum4\" data-e-action-hash=\"#elementor-action%3Aaction%3Dlightbox%26settings%3DeyJpZCI6MTI4NywidXJsIjoiaHR0cHM6XC9cL3huLS11dGVydW1vY2hmbnN0ZXItaXRiLnNlXC93cC1jb250ZW50XC91cGxvYWRzXC8yMDI1XC8wNVwvdXRlcnVtNC5qcGciLCJzbGlkZXNob3ciOiJmOTY5MzkwIn0%3D\">\n\t\t\t\t\t<div class=\"e-gallery-image elementor-gallery-item__image\" data-thumbnail=\"https:\/\/xn--uterumochfnster-itb.se\/wp-content\/uploads\/2025\/05\/uterum4.jpg\" data-width=\"1329\" data-height=\"1000\" aria-label=\"\" role=\"img\" ><\/div>\n\t\t\t\t\t\t\t\t\t\t\t<div class=\"elementor-gallery-item__overlay\"><\/div>\n\t\t\t\t\t\t\t\t\t\t\t\t\t\t<\/a>\n\t\t\t\t\t\t\t<a class=\"e-gallery-item elementor-gallery-item elementor-animated-content\" href=\"https:\/\/xn--uterumochfnster-itb.se\/wp-content\/uploads\/2025\/05\/uterum5.jpg\" data-elementor-open-lightbox=\"yes\" data-elementor-lightbox-slideshow=\"f969390\" data-elementor-lightbox-title=\"uterum5\" data-e-action-hash=\"#elementor-action%3Aaction%3Dlightbox%26settings%3DeyJpZCI6MTI4OCwidXJsIjoiaHR0cHM6XC9cL3huLS11dGVydW1vY2hmbnN0ZXItaXRiLnNlXC93cC1jb250ZW50XC91cGxvYWRzXC8yMDI1XC8wNVwvdXRlcnVtNS5qcGciLCJzbGlkZXNob3ciOiJmOTY5MzkwIn0%3D\">\n\t\t\t\t\t<div class=\"e-gallery-image elementor-gallery-item__image\" data-thumbnail=\"https:\/\/xn--uterumochfnster-itb.se\/wp-content\/uploads\/2025\/05\/uterum5.jpg\" data-width=\"1504\" data-height=\"1200\" aria-label=\"\" role=\"img\" ><\/div>\n\t\t\t\t\t\t\t\t\t\t\t<div class=\"elementor-gallery-item__overlay\"><\/div>\n\t\t\t\t\t\t\t\t\t\t\t\t\t\t<\/a>\n\t\t\t\t\t\t\t<a class=\"e-gallery-item elementor-gallery-item elementor-animated-content\" href=\"https:\/\/xn--uterumochfnster-itb.se\/wp-content\/uploads\/2026\/03\/DSC09971.jpg\" data-elementor-open-lightbox=\"yes\" data-elementor-lightbox-slideshow=\"f969390\" data-elementor-lightbox-title=\"DSC09971\" data-e-action-hash=\"#elementor-action%3Aaction%3Dlightbox%26settings%3DeyJpZCI6MTk3NCwidXJsIjoiaHR0cHM6XC9cL3huLS11dGVydW1vY2hmbnN0ZXItaXRiLnNlXC93cC1jb250ZW50XC91cGxvYWRzXC8yMDI2XC8wM1wvRFNDMDk5NzEuanBnIiwic2xpZGVzaG93IjoiZjk2OTM5MCJ9\">\n\t\t\t\t\t<div class=\"e-gallery-image elementor-gallery-item__image\" data-thumbnail=\"https:\/\/xn--uterumochfnster-itb.se\/wp-content\/uploads\/2026\/03\/DSC09971.jpg\" data-width=\"2007\" data-height=\"2509\" aria-label=\"\" role=\"img\" ><\/div>\n\t\t\t\t\t\t\t\t\t\t\t<div class=\"elementor-gallery-item__overlay\"><\/div>\n\t\t\t\t\t\t\t\t\t\t\t\t\t\t<\/a>\n\t\t\t\t\t\t\t<a class=\"e-gallery-item elementor-gallery-item elementor-animated-content\" href=\"https:\/\/xn--uterumochfnster-itb.se\/wp-content\/uploads\/2026\/03\/DSC01984.jpg\" data-elementor-open-lightbox=\"yes\" data-elementor-lightbox-slideshow=\"f969390\" data-elementor-lightbox-title=\"DSC01984\" data-e-action-hash=\"#elementor-action%3Aaction%3Dlightbox%26settings%3DeyJpZCI6MTk3NSwidXJsIjoiaHR0cHM6XC9cL3huLS11dGVydW1vY2hmbnN0ZXItaXRiLnNlXC93cC1jb250ZW50XC91cGxvYWRzXC8yMDI2XC8wM1wvRFNDMDE5ODQuanBnIiwic2xpZGVzaG93IjoiZjk2OTM5MCJ9\">\n\t\t\t\t\t<div class=\"e-gallery-image elementor-gallery-item__image\" data-thumbnail=\"https:\/\/xn--uterumochfnster-itb.se\/wp-content\/uploads\/2026\/03\/DSC01984.jpg\" data-width=\"1356\" data-height=\"1695\" aria-label=\"\" role=\"img\" ><\/div>\n\t\t\t\t\t\t\t\t\t\t\t<div class=\"elementor-gallery-item__overlay\"><\/div>\n\t\t\t\t\t\t\t\t\t\t\t\t\t\t<\/a>\n\t\t\t\t\t\t\t<a class=\"e-gallery-item elementor-gallery-item elementor-animated-content\" href=\"https:\/\/xn--uterumochfnster-itb.se\/wp-content\/uploads\/2026\/03\/DSC02277-Forbattrat-BR-scaled.jpg\" data-elementor-open-lightbox=\"yes\" data-elementor-lightbox-slideshow=\"f969390\" data-elementor-lightbox-title=\"DSC02277-F\u00f6rb\u00e4ttrat-BR\" data-e-action-hash=\"#elementor-action%3Aaction%3Dlightbox%26settings%3DeyJpZCI6MTk3NiwidXJsIjoiaHR0cHM6XC9cL3huLS11dGVydW1vY2hmbnN0ZXItaXRiLnNlXC93cC1jb250ZW50XC91cGxvYWRzXC8yMDI2XC8wM1wvRFNDMDIyNzctRm9yYmF0dHJhdC1CUi1zY2FsZWQuanBnIiwic2xpZGVzaG93IjoiZjk2OTM5MCJ9\">\n\t\t\t\t\t<div class=\"e-gallery-image elementor-gallery-item__image\" data-thumbnail=\"https:\/\/xn--uterumochfnster-itb.se\/wp-content\/uploads\/2026\/03\/DSC02277-Forbattrat-BR-scaled.jpg\" data-width=\"2560\" data-height=\"1707\" aria-label=\"\" role=\"img\" ><\/div>\n\t\t\t\t\t\t\t\t\t\t\t<div class=\"elementor-gallery-item__overlay\"><\/div>\n\t\t\t\t\t\t\t\t\t\t\t\t\t\t<\/a>\n\t\t\t\t\t<\/div>\n\t\t\t\t\t<\/div>\n\t\t\t\t<\/div>\n\t\t\t\t\t<\/div>\n\t\t\t\t<\/div>\n\t\t<div class=\"elementor-element elementor-element-df271d9 e-flex e-con-boxed e-con e-parent\" data-id=\"df271d9\" data-element_type=\"container\" data-settings=\"{&quot;background_background&quot;:&quot;classic&quot;}\">\n\t\t\t\t\t<div class=\"e-con-inner\">\n\t\t\t\t<div class=\"elementor-element elementor-element-be69db7 elementor-widget elementor-widget-video\" data-id=\"be69db7\" data-element_type=\"widget\" data-settings=\"{&quot;video_type&quot;:&quot;vimeo&quot;}\" data-widget_type=\"video.default\">\n\t\t\t\t<div class=\"elementor-widget-container\">\n\t\t\t\t\t\t\t<div class=\"elementor-wrapper elementor-open-inline\">\n\t\t\t<iframe class=\"elementor-video-iframe\" allowfullscreen allow=\"clipboard-write\" title=\"vimeo Video Player\" src=\"https:\/\/player.vimeo.com\/video\/1138842802?color&amp;autopause=0&amp;loop=0&amp;muted=0&amp;title=0&amp;portrait=0&amp;byline=0#t=\" data-no-translation-title=\"\"><\/iframe>\t\t<\/div>\n\t\t\t\t\t\t<\/div>\n\t\t\t\t<\/div>\n\t\t\t\t\t<\/div>\n\t\t\t\t<\/div>\n\t\t<div class=\"elementor-element elementor-element-4875c87 e-flex e-con-boxed e-con e-parent\" data-id=\"4875c87\" data-element_type=\"container\" data-settings=\"{&quot;background_background&quot;:&quot;classic&quot;}\">\n\t\t\t\t\t<div class=\"e-con-inner\">\n\t\t<div class=\"elementor-element elementor-element-1e619ae e-con-full e-flex e-con e-child\" data-id=\"1e619ae\" data-element_type=\"container\">\n\t\t\t\t<div class=\"elementor-element elementor-element-13e39c7 elementor-widget elementor-widget-heading\" data-id=\"13e39c7\" data-element_type=\"widget\" data-widget_type=\"heading.default\">\n\t\t\t\t<div class=\"elementor-widget-container\">\n\t\t\t\t\t<h2 class=\"elementor-heading-title elementor-size-default\">\u00c4r du redo att f\u00f6rvandla din uteplats?<\/h2>\t\t\t\t<\/div>\n\t\t\t\t<\/div>\n\t\t\t\t<div class=\"elementor-element elementor-element-b3b15fc elementor-widget elementor-widget-text-editor\" data-id=\"b3b15fc\" data-element_type=\"widget\" data-widget_type=\"text-editor.default\">\n\t\t\t\t<div class=\"elementor-widget-container\">\n\t\t\t\t\t\t\t\t\t<p>Kontakta oss idag f\u00f6r ett kostnadsfritt hembes\u00f6k.<\/p>\t\t\t\t\t\t\t\t<\/div>\n\t\t\t\t<\/div>\n\t\t\t\t<div class=\"elementor-element elementor-element-e85b177 elementor-widget elementor-widget-button\" data-id=\"e85b177\" data-element_type=\"widget\" data-widget_type=\"button.default\">\n\t\t\t\t<div class=\"elementor-widget-container\">\n\t\t\t\t\t\t\t\t\t<div class=\"elementor-button-wrapper\">\n\t\t\t\t\t<a class=\"elementor-button elementor-button-link elementor-size-sm\" href=\"http:\/\/xn--uterumochfnster-itb.se\/en\/kontakt\/\">\n\t\t\t\t\t\t<span class=\"elementor-button-content-wrapper\">\n\t\t\t\t\t\t\t\t\t<span class=\"elementor-button-text\">Kontakta oss<\/span>\n\t\t\t\t\t<\/span>\n\t\t\t\t\t<\/a>\n\t\t\t\t<\/div>\n\t\t\t\t\t\t\t\t<\/div>\n\t\t\t\t<\/div>\n\t\t\t\t<\/div>\n\t\t\t\t\t<\/div>\n\t\t\t\t<\/div>\n\t\t\t\t<\/div>","protected":false},"excerpt":{"rendered":"<p>V\u00e5ra projekt Vi har byggt \u00f6ver 100 uterum. Det \u00e4r vi stolta \u00f6ver, och s\u00e4rskilt \u00f6ver kundens omd\u00f6men. Nedan kan [&hellip;]<\/p>","protected":false},"author":1,"featured_media":0,"parent":0,"menu_order":0,"comment_status":"closed","ping_status":"closed","template":"","meta":{"site-sidebar-layout":"no-sidebar","site-content-layout":"","ast-site-content-layout":"full-width-container","site-content-style":"unboxed","site-sidebar-style":"unboxed","ast-global-header-display":"","ast-banner-title-visibility":"","ast-main-header-display":"","ast-hfb-above-header-display":"","ast-hfb-below-header-display":"","ast-hfb-mobile-header-display":"","site-post-title":"disabled","ast-breadcrumbs-content":"","ast-featured-img":"disabled","footer-sml-layout":"","theme-transparent-header-meta":"enabled","adv-header-id-meta":"","stick-header-meta":"","header-above-stick-meta":"","header-main-stick-meta":"","header-below-stick-meta":"","astra-migrate-meta-layouts":"default","ast-page-background-enabled":"default","ast-page-background-meta":{"desktop":{"background-color":"var(--ast-global-color-4)","background-image":"","background-repeat":"repeat","background-position":"center center","background-size":"auto","background-attachment":"scroll","background-type":"","background-media":"","overlay-type":"","overlay-color":"","overlay-opacity":"","overlay-gradient":""},"tablet":{"background-color":"","background-image":"","background-repeat":"repeat","background-position":"center center","background-size":"auto","background-attachment":"scroll","background-type":"","background-media":"","overlay-type":"","overlay-color":"","overlay-opacity":"","overlay-gradient":""},"mobile":{"background-color":"","background-image":"","background-repeat":"repeat","background-position":"center center","background-size":"auto","background-attachment":"scroll","background-type":"","background-media":"","overlay-type":"","overlay-color":"","overlay-opacity":"","overlay-gradient":""}},"ast-content-background-meta":{"desktop":{"background-color":"var(--ast-global-color-5)","background-image":"","background-repeat":"repeat","background-position":"center center","background-size":"auto","background-attachment":"scroll","background-type":"","background-media":"","overlay-type":"","overlay-color":"","overlay-opacity":"","overlay-gradient":""},"tablet":{"background-color":"var(--ast-global-color-5)","background-image":"","background-repeat":"repeat","background-position":"center center","background-size":"auto","background-attachment":"scroll","background-type":"","background-media":"","overlay-type":"","overlay-color":"","overlay-opacity":"","overlay-gradient":""},"mobile":{"background-color":"var(--ast-global-color-5)","background-image":"","background-repeat":"repeat","background-position":"center center","background-size":"auto","background-attachment":"scroll","background-type":"","background-media":"","overlay-type":"","overlay-color":"","overlay-opacity":"","overlay-gradient":""}},"footnotes":""},"class_list":["post-1031","page","type-page","status-publish","hentry"],"_links":{"self":[{"href":"https:\/\/xn--uterumochfnster-itb.se\/en\/wp-json\/wp\/v2\/pages\/1031","targetHints":{"allow":["GET"]}}],"collection":[{"href":"https:\/\/xn--uterumochfnster-itb.se\/en\/wp-json\/wp\/v2\/pages"}],"about":[{"href":"https:\/\/xn--uterumochfnster-itb.se\/en\/wp-json\/wp\/v2\/types\/page"}],"author":[{"embeddable":true,"href":"https:\/\/xn--uterumochfnster-itb.se\/en\/wp-json\/wp\/v2\/users\/1"}],"replies":[{"embeddable":true,"href":"https:\/\/xn--uterumochfnster-itb.se\/en\/wp-json\/wp\/v2\/comments?post=1031"}],"version-history":[{"count":27,"href":"https:\/\/xn--uterumochfnster-itb.se\/en\/wp-json\/wp\/v2\/pages\/1031\/revisions"}],"predecessor-version":[{"id":1979,"href":"https:\/\/xn--uterumochfnster-itb.se\/en\/wp-json\/wp\/v2\/pages\/1031\/revisions\/1979"}],"wp:attachment":[{"href":"https:\/\/xn--uterumochfnster-itb.se\/en\/wp-json\/wp\/v2\/media?parent=1031"}],"curies":[{"name":"wp","href":"https:\/\/api.w.org\/{rel}","templated":true}]}}